{"id":64,"date":"2012-09-15T00:00:00","date_gmt":"2012-09-15T05:00:00","guid":{"rendered":"http:\/\/kmosz-nahc.ca\/hu\/?page_id=64"},"modified":"2019-06-03T22:41:12","modified_gmt":"2019-06-04T03:41:12","slug":"adomany","status":"publish","type":"page","link":"http:\/\/kmosz-nahc.ca\/hu\/adomany\/","title":{"rendered":"T\u00e1mogat\u00e1s"},"content":{"rendered":"<p>A mennyiben p\u00e9nzbeli adom\u00e1nnyal szeret\u00e9 seg\u00edteni szervezet\u00fcnk munk\u00e1j\u00e1t, banki \u00e1tutal\u00e1sokat a TD Canada Trust sz\u00e1ml\u00e1nkon tudunk fogadni: <\/p>\n<blockquote><p>Tranzitsz\u00e1m: 34096 <br \/>Int\u00e9zm\u00e9nysz\u00e1m: 004 <br \/>Sz\u00e1mlasz\u00e1m: 5011541<\/p><\/blockquote>\n<p> Csekkeket a <em>\u201eNational Alliance of Hungarians in Canada\u201d<\/em> n\u00e9vre k\u00e9rj\u00fck ki\u00e1ll\u00edtani \u00e9s az al\u00e1bbi postac\u00edmre k\u00fcldeni: <\/p>\n<blockquote><p>National Alliance of Hungarians in Canada<br \/>110 Didsbury Road, Suite M022<br \/>Ottawa, Ontario<br \/>K2T 0C2<br \/>Canada<\/p><\/blockquote>\n<p>A t\u00e1mogat\u00e1st el\u0151re is k\u00f6sz\u00f6nj\u00fck!<\/p>\n","protected":false},"excerpt":{"rendered":"<p>A mennyiben p\u00e9nzbeli adom\u00e1nnyal szeret\u00e9 seg\u00edteni szervezet\u00fcnk munk\u00e1j\u00e1t, banki \u00e1tutal\u00e1sokat a TD Canada Trust sz\u00e1ml\u00e1nkon tudunk fogadni: Tranzitsz\u00e1m: 34096 Int\u00e9zm\u00e9nysz\u00e1m: 004 Sz\u00e1mlasz\u00e1m: 5011541 Csekkeket a \u201eNational Alliance of Hungarians in Canada\u201d n\u00e9vre k\u00e9rj\u00fck ki\u00e1ll\u00edtani \u00e9s az al\u00e1bbi postac\u00edmre k\u00fcldeni: National Alliance of Hungarians in Canada110 Didsbury Road, Suite M022Ottawa, OntarioK2T 0C2Canada A t\u00e1mogat\u00e1st el\u0151re is &hellip; <a href=\"http:\/\/kmosz-nahc.ca\/hu\/adomany\/\" class=\"more-link\"><span class=\"screen-reader-text\">&#8222;T\u00e1mogat\u00e1s&#8221;<\/span> b\u0151vebben<\/a><\/p>\n","protected":false},"author":1,"featured_media":0,"parent":0,"menu_order":95,"comment_status":"closed","ping_status":"closed","template":"","meta":[],"_links":{"self":[{"href":"http:\/\/kmosz-nahc.ca\/hu\/wp-json\/wp\/v2\/pages\/64"}],"collection":[{"href":"http:\/\/kmosz-nahc.ca\/hu\/wp-json\/wp\/v2\/pages"}],"about":[{"href":"http:\/\/kmosz-nahc.ca\/hu\/wp-json\/wp\/v2\/types\/page"}],"author":[{"embeddable":true,"href":"http:\/\/kmosz-nahc.ca\/hu\/wp-json\/wp\/v2\/users\/1"}],"replies":[{"embeddable":true,"href":"http:\/\/kmosz-nahc.ca\/hu\/wp-json\/wp\/v2\/comments?post=64"}],"version-history":[{"count":0,"href":"http:\/\/kmosz-nahc.ca\/hu\/wp-json\/wp\/v2\/pages\/64\/revisions"}],"wp:attachment":[{"href":"http:\/\/kmosz-nahc.ca\/hu\/wp-json\/wp\/v2\/media?parent=64"}],"curies":[{"name":"wp","href":"https:\/\/api.w.org\/{rel}","templated":true}]}}