{"id":61,"date":"2012-09-15T00:00:00","date_gmt":"2012-09-15T05:00:00","guid":{"rendered":"http:\/\/kmosz-nahc.ca\/hu\/?page_id=61"},"modified":"2012-09-15T00:00:00","modified_gmt":"2012-09-15T05:00:00","slug":"kanadai-magyarok","status":"publish","type":"page","link":"http:\/\/kmosz-nahc.ca\/hu\/kanadai-magyarok\/","title":{"rendered":"Kanadai magyarok"},"content":{"rendered":"<p>A 2001-es n\u00e9psz\u00e1ml\u00e1l\u00e1si adatok szerint Kanad\u00e1ban t\u00f6bb mint 315 000 ember vallotta mag\u00e1t magyarnak vagy magyar sz\u00e1rmaz\u00e1s\u00fanak. Ez alapj\u00e1n a magyars\u00e1g a 23. legnagyobb bev\u00e1ndorl\u00f3 csoport Kanad\u00e1ban \u00e9s a nyugati magyar diaszp\u00f3ra m\u00e1sodik legnagyobb nemzetr\u00e9sze (az USA ut\u00e1n). A magyar bev\u00e1ndorl\u00f3k Kanad\u00e1ba 5 hull\u00e1mban \u00e9rkeztek: a legels\u0151k m\u00e9g az \u00fatt\u00f6r\u0151k (\u201cpioneers\u201d) k\u00f6z\u00f6tt az 1885-1914-es id\u0151szakban, a m\u00e1sodik hull\u00e1m a k\u00e9t vil\u00e1gh\u00e1bor\u00fa k\u00f6z\u00f6tt, f\u0151k\u00e9nt az 1924-31 k\u00f6z\u00f6tti gazdas\u00e1gi v\u00e1ls\u00e1g id\u0151szak\u00e1ban, a harmadik hull\u00e1m a II. vil\u00e1gh\u00e1bor\u00fa ut\u00e1ni id\u0151szakban (1947-53) m\u00edg a negyedik \u00e9s \u00f6t\u00f6dik hull\u00e1mok a kommunizmus el\u0151l menek\u00fclve az 1956-os forradalmat k\u00f6vet\u0151en, majd az 1960 ut\u00e1ni id\u0151szakban. K\u00fcl\u00f6n\u00f6s figyelmet ig\u00e9nyel az 1956-os menek\u00fcltek hull\u00e1ma, hiszen a forradalom szovjet tankok \u00e1ltali lever\u00e9se ut\u00e1n mintegy 200,000 menek\u00fclt k\u00e9nyszer\u00fclt Magyarorsz\u00e1g elhagy\u00e1s\u00e1ra, s ezek k\u00f6z\u00fcl Kanada fogadta be a legt\u00f6bbet: majdnem 40,000-et. Ebben el\u00e9v\u00fclhetetlen \u00e9rdemei voltak Jack Pickerskgill akkori bev\u00e1ndorl\u00e1si miniszternek, akinek javaslat\u00e1ra a bev\u00e1ndorl\u00e1si t\u00f6rv\u00e9nyeket megv\u00e1ltoztatt\u00e1k. Az 56-os menek\u00fcltek hull\u00e1ma az egyik legsikeresebb bev\u00e1ndorl\u00f3-csoport volt Kanada t\u00f6rt\u00e9net\u00e9ben, hiszen k\u00e9t \u00e9vvel \u00e9rkez\u00e9s\u00fck ut\u00e1n m\u00e1r senki sem szorult \u00e1llami seg\u00e9lyre\u00f3 &#8211; a magasan k\u00e9pzett menek\u00fcltek hamar beilleszkedtek a kanadai t\u00e1rsadalomba.<\/p>\n<p>A ma helyileg m\u0171k\u00f6d\u0151 magyar magyar szervezetek t\u00f6bbs\u00e9g\u00e9t ez a gener\u00e1ci\u00f3 hozta l\u00e9tre, sokuk mai napig akt\u00edv tagja a kanadai magyar k\u00f6z\u00e9letnek. A rendszerv\u00e1lt\u00e1st k\u00f6vet\u0151 id\u0151szakot k\u00f6vet\u0151en is sok magyar \u00e9rkezett Kanad\u00e1ba \u2013 nekik, valamint a magyarul m\u00e1r nem besz\u00e9l\u0151 m\u00e1sodik gener\u00e1ci\u00f3s magyaroknak is szeretne seg\u00edteni a KMOSz a helyi magyar szervezetek, k\u00f6z\u00f6ss\u00e9gek fellel\u00e9s\u00e9ben, a magyar \u00f6ntudat \u00e1pol\u00e1s\u00e1ban. V\u00e1rjuk \u0151ket szervezeteinkben! N\u00e9h\u00e1nyan a legh\u00edresebb magyar sz\u00e1rmaz\u00e1s\u00fa kanadaiak k\u00f6z\u00fcl: <\/p>\n<ul>\n<li>Selye J\u00e1nos profeszor (1907 &#8211; 1982), a stresszelm\u00e9let \u00e9s a &#8222;stressz&#8221; sz\u00f3 megalkot\u00f3ja, Universit\u00e9 de Montr\u00e9al<\/li>\n<li>John Charles Polanyi professzor (1929 &#8211; ), Nobel-d\u00edjas tud\u00f3s vegy\u00e9szetben (1986), University of Toronto, ON<\/li>\n<li>Elvis Stojko (1972 &#8211; ), h\u00e1romszoros vil\u00e1gbajnok m\u0171korcsoly\u00e1z\u00f3, Richmond Hill, ON<\/li>\n<li>Alanis Morrisette (1974 &#8211; ), \u00e9nekes, sz\u00fcletett Ottaw\u00e1ban<\/li>\n<li>Adam van Koevarden (1982 &#8211; ), olimpiai- \u00e9s vil\u00e1gbajnok kajakos, Burlington, ON<\/li>\n<\/ul>\n","protected":false},"excerpt":{"rendered":"<p>A 2001-es n\u00e9psz\u00e1ml\u00e1l\u00e1si adatok szerint Kanad\u00e1ban t\u00f6bb mint 315 000 ember vallotta mag\u00e1t magyarnak vagy magyar sz\u00e1rmaz\u00e1s\u00fanak. Ez alapj\u00e1n a magyars\u00e1g a 23. legnagyobb bev\u00e1ndorl\u00f3 csoport Kanad\u00e1ban \u00e9s a nyugati magyar diaszp\u00f3ra m\u00e1sodik legnagyobb nemzetr\u00e9sze (az USA ut\u00e1n). A magyar bev\u00e1ndorl\u00f3k Kanad\u00e1ba 5 hull\u00e1mban \u00e9rkeztek: a legels\u0151k m\u00e9g az \u00fatt\u00f6r\u0151k (\u201cpioneers\u201d) k\u00f6z\u00f6tt az 1885-1914-es id\u0151szakban, &hellip; <a href=\"http:\/\/kmosz-nahc.ca\/hu\/kanadai-magyarok\/\" class=\"more-link\"><span class=\"screen-reader-text\">&#8222;Kanadai magyarok&#8221;<\/span> b\u0151vebben<\/a><\/p>\n","protected":false},"author":1,"featured_media":0,"parent":0,"menu_order":60,"comment_status":"closed","ping_status":"closed","template":"","meta":[],"_links":{"self":[{"href":"http:\/\/kmosz-nahc.ca\/hu\/wp-json\/wp\/v2\/pages\/61"}],"collection":[{"href":"http:\/\/kmosz-nahc.ca\/hu\/wp-json\/wp\/v2\/pages"}],"about":[{"href":"http:\/\/kmosz-nahc.ca\/hu\/wp-json\/wp\/v2\/types\/page"}],"author":[{"embeddable":true,"href":"http:\/\/kmosz-nahc.ca\/hu\/wp-json\/wp\/v2\/users\/1"}],"replies":[{"embeddable":true,"href":"http:\/\/kmosz-nahc.ca\/hu\/wp-json\/wp\/v2\/comments?post=61"}],"version-history":[{"count":0,"href":"http:\/\/kmosz-nahc.ca\/hu\/wp-json\/wp\/v2\/pages\/61\/revisions"}],"wp:attachment":[{"href":"http:\/\/kmosz-nahc.ca\/hu\/wp-json\/wp\/v2\/media?parent=61"}],"curies":[{"name":"wp","href":"https:\/\/api.w.org\/{rel}","templated":true}]}}