{"id":60,"date":"2012-09-15T00:00:00","date_gmt":"2012-09-15T05:00:00","guid":{"rendered":"http:\/\/kmosz-nahc.ca\/hu\/?page_id=60"},"modified":"2012-09-15T00:00:00","modified_gmt":"2012-09-15T05:00:00","slug":"magyarorszagi-osztondijak-es-programok","status":"publish","type":"page","link":"http:\/\/kmosz-nahc.ca\/hu\/magyarorszagi-osztondijak-es-programok\/","title":{"rendered":"Magyarorsz\u00e1gi \u00f6szt\u00f6nd\u00edjak \u00e9s programok"},"content":{"rendered":"<p><img decoding=\"async\" loading=\"lazy\" class=\"alignleft\" src=\"\/anyag\/jelveny\/HungaryLiveLogo.png\" alt=\"Hungary Live Logo\" width=\"250\" height=\"250\">Az HNET Nyelvk\u00f6zpont (<a href=\"http:\/\/www.h-net.hu\">www.h-net.hu<\/a>) a <em>Hungary Live<\/em> (<a href=\"http:\/\/www.theliveteacher.com\/hungary_live\">http:\/\/www.theliveteacher.com\/hungary_live<\/a>) projektj\u00e9vel k\u00fcldet\u00e9s\u00e9nek tekinti a magyar nyelv, \u00e9s a magyar kultur\u00e1lis \u00f6r\u00f6ks\u00e9g glob\u00e1lis k\u00f6zvet\u00edt\u00e9s\u00e9t minden \u00e9rdekl\u0151d\u0151, de els\u0151sorban a vil\u00e1gban \u00e9l\u0151 magyar honfit\u00e1rsaink sz\u00e1m\u00e1ra. K\u00fcl\u00f6nleges egyedis\u00e9ge abban rejlik, hogy a gy\u00f6kereiket \u00e1polni sz\u00e1nd\u00e9koz\u00f3 els\u0151, m\u00e1sodik \u00e9s harmadik gener\u00e1ci\u00f3s, er\u0151s nemzettudattal rendelkez\u0151 k\u00fclhoni magyarok sz\u00e1m\u00e1ra nyelvi, kultur\u00e1lis \u00e9s t\u00f6rt\u00e9nelmi tematik\u00e1k ment\u00e9n k\u00f6zvet\u00edt ad\u00e1sokat, hogy a TLT interaktivit\u00e1s\u00e1t haszn\u00e1lva \u00e1polhass\u00e1k anyanyelv\u00fcket, megismerhess\u00e9k haz\u00e1juk m\u00faltbeli \u00e9s jelenkori kultur\u00e1lis kincseit, vagy megvitathass\u00e1k az el\u0151ad\u00f3val az aktu\u00e1lis kultur\u00e1lis esem\u00e9nyeket. A TLT egy olyan kreat\u00edv, online platform, amely 21. sz\u00e1zad <a href=\"http:\/\/www.ustream.tv\">Ustream t\u00e1vk\u00f6zl\u00e9si<\/a> technol\u00f3gi\u00e1j\u00e1val \u00e1thidalja a glob\u00e1lis t\u00e1vols\u00e1gokat, biztos\u00edtja a felhaszn\u00e1l\u00f3k sz\u00e1m\u00e1ra a szem\u00e9lyes jelenl\u00e9tet, \u00e9s kommunik\u00e1ci\u00f3s eszk\u00f6zk\u00e9nt az akt\u00edv r\u00e9szv\u00e9telt az oldal \u00e1ltal biztos\u00edtott \u00f6sszes tev\u00e9kenys\u00e9gben.<\/p>\n","protected":false},"excerpt":{"rendered":"<p>Az HNET Nyelvk\u00f6zpont (www.h-net.hu) a Hungary Live (http:\/\/www.theliveteacher.com\/hungary_live) projektj\u00e9vel k\u00fcldet\u00e9s\u00e9nek tekinti a magyar nyelv, \u00e9s a magyar kultur\u00e1lis \u00f6r\u00f6ks\u00e9g glob\u00e1lis k\u00f6zvet\u00edt\u00e9s\u00e9t minden \u00e9rdekl\u0151d\u0151, de els\u0151sorban a vil\u00e1gban \u00e9l\u0151 magyar honfit\u00e1rsaink sz\u00e1m\u00e1ra. K\u00fcl\u00f6nleges egyedis\u00e9ge abban rejlik, hogy a gy\u00f6kereiket \u00e1polni sz\u00e1nd\u00e9koz\u00f3 els\u0151, m\u00e1sodik \u00e9s harmadik gener\u00e1ci\u00f3s, er\u0151s nemzettudattal rendelkez\u0151 k\u00fclhoni magyarok sz\u00e1m\u00e1ra nyelvi, kultur\u00e1lis \u00e9s t\u00f6rt\u00e9nelmi &hellip; <a href=\"http:\/\/kmosz-nahc.ca\/hu\/magyarorszagi-osztondijak-es-programok\/\" class=\"more-link\"><span class=\"screen-reader-text\">&#8222;Magyarorsz\u00e1gi \u00f6szt\u00f6nd\u00edjak \u00e9s programok&#8221;<\/span> b\u0151vebben<\/a><\/p>\n","protected":false},"author":1,"featured_media":0,"parent":0,"menu_order":55,"comment_status":"closed","ping_status":"closed","template":"","meta":[],"_links":{"self":[{"href":"http:\/\/kmosz-nahc.ca\/hu\/wp-json\/wp\/v2\/pages\/60"}],"collection":[{"href":"http:\/\/kmosz-nahc.ca\/hu\/wp-json\/wp\/v2\/pages"}],"about":[{"href":"http:\/\/kmosz-nahc.ca\/hu\/wp-json\/wp\/v2\/types\/page"}],"author":[{"embeddable":true,"href":"http:\/\/kmosz-nahc.ca\/hu\/wp-json\/wp\/v2\/users\/1"}],"replies":[{"embeddable":true,"href":"http:\/\/kmosz-nahc.ca\/hu\/wp-json\/wp\/v2\/comments?post=60"}],"version-history":[{"count":0,"href":"http:\/\/kmosz-nahc.ca\/hu\/wp-json\/wp\/v2\/pages\/60\/revisions"}],"wp:attachment":[{"href":"http:\/\/kmosz-nahc.ca\/hu\/wp-json\/wp\/v2\/media?parent=60"}],"curies":[{"name":"wp","href":"https:\/\/api.w.org\/{rel}","templated":true}]}}