{"id":53,"date":"2012-09-15T00:00:00","date_gmt":"2012-09-15T05:00:00","guid":{"rendered":"http:\/\/kmosz-nahc.ca\/hu\/?page_id=53"},"modified":"2012-09-15T00:00:00","modified_gmt":"2012-09-15T05:00:00","slug":"szervezeti-felepites","status":"publish","type":"page","link":"http:\/\/kmosz-nahc.ca\/hu\/szervezeti-felepites\/","title":{"rendered":"Szervezeti fel\u00e9p\u00edt\u00e9s"},"content":{"rendered":"<p>A KMOSz filoz\u00f3fi\u00e1ja a sz\u00e9les t\u00e1rsadalmi \u00f6sszefog\u00e1son \u00e9s a hat\u00e9kony munkamegoszt\u00e1son alapszik. Ennek megfelel\u0151en a szervezetet tagszervezetek \u00e9s a KMOSZ helyi fi\u00f3kjainak k\u00e9pvisel\u0151ib\u0151l \u00e1ll\u00f3 K\u00e9pvisel\u0151k Tan\u00e1csa vezeti, melynek hat\u00e1rozatait az Igazgat\u00f3i Tan\u00e1cs vitelezi ki. A KMOSz kanadai sz\u00f6vets\u00e9gi szinten bejegyzett k\u00f6zhaszn\u00fa szervezet, amely alapszab\u00e1ly\u00e1t (by-laws), m\u0171k\u00f6d\u00e9si szab\u00e1lyzat\u00e1t \u00e9s m\u00e1s, a tagszervezeteket \u00e9rint\u0151 dokumentumait a k\u00f6vetkez\u0151 linkeken lehet el\u00e9rni: <\/p>\n<ul>\n<li><a href=\"\/irat\/kmosz\/szandeknyilatkozat_v6.pdf\">Sz\u00e1nd\u00e9knyilatkozat<\/a><\/li>\n<li><a href=\"\/irat\/kmosz\/NAHC_KMOSZ-ByLaws_No4-20180121.pdf\">Alapszab\u00e1ly<\/a><\/li>\n<\/ul>\n<h2>Igazgat\u00f3i Tan\u00e1cs<\/h2>\n<table style=\"border: none;vertical-align: top\">\n<tbody>\n<tr>\n<th style=\"border: none;vertical-align: top;width: 35%;text-align: right\">Eln\u00f6k<br \/><a href=\"mailto:president@kmosz-nahc.ca\" target=\"_blank\">president@kmosz-nahc.ca<\/a><\/th>\n<td style=\"border: none;vertical-align: top\"><strong>Vaski G\u00e1bor<\/strong> (Burlington, ON) P\u00e9nz\u00fcgyi tan\u00e1csad\u00f3, az Extra Hungariam kultur\u00e1lis alap\u00edtv\u00e1ny alap\u00edt\u00f3ja \u00e9s eln\u00f6ke, a Kanadai Magyar Kult\u00fark\u00f6zpont volt eln\u00f6ke.<\/td>\n<\/tr>\n<tr>\n<th style=\"border: none;vertical-align: top;text-align: right\">Aleln\u00f6k <br \/><a href=\"mailto:vicepresident@kmosz-nahc.ca\">vicepresident@kmosz-nahc.ca<\/a><\/th>\n<td style=\"border: none;vertical-align: top\"><strong>\u00c1brah\u00e1m Tibor<\/strong> (Vancouver, BC) \u00c9p\u00edtkez\u00e9si v\u00e1llalkoz\u00f3, a Vancouveri Magyar Kultur\u00e1lis T\u00e1rsas\u00e1g eln\u00f6ke, a Diaszp\u00f3ra Tan\u00e1cs volt kanadai t\u00e1rseln\u00f6ke.<\/td>\n<\/tr>\n<tr>\n<th style=\"border: none;vertical-align: top;text-align: right\">Sajt\u00f3-kapcsolatok\u00e9rt felel\u0151s aleln\u00f6k <br \/><a href=\"mailto:media@kmosz-nahc.ca\">media@kmosz-nahc.ca<\/a><\/th>\n<td style=\"border: none;vertical-align: top\"><strong>Dr. Lapohos Tibor<\/strong> (Ottawa, ON) Villamosm\u00e9rn\u00f6k, a Kolozsv\u00e1ri Magyar Di\u00e1k Sz\u00f6vets\u00e9g egyik alap\u00edt\u00f3 tagja \u00e9s volt aleln\u00f6ke. Sok\u00e1ig tan\u00edtott gyerekeknek magyar n\u00e9pt\u00e1ncot Ottaw\u00e1ban. Jelenleg az Ottawai Magyar H\u00e1z eln\u00f6ke.<\/td>\n<\/tr>\n<tr>\n<th style=\"border: none;vertical-align: top;text-align: right\">Kult\u00far\u00e1\u00e9rt felel\u0151s aleln\u00f6k <br \/><a href=\"mailto:culture@kmosz-nahc.ca\">culture@kmosz-nahc.ca<\/a><\/th>\n<td style=\"border: none;vertical-align: top\"><strong>Dr. Lapohos Tibor<\/strong> (helyettes)<\/td>\n<\/tr>\n<tr>\n<th style=\"border: none;vertical-align: top;text-align: right\">Titk\u00e1r <br \/><a href=\"mailto:secretary@kmosz-nahc.ca\">secretary@kmosz-nahc.ca<\/a><\/th>\n<td style=\"border: none;vertical-align: top\"><strong>Nagy Enik\u0151<\/strong> (Montr\u00e9al, QC) A Csillag\u00f6sv\u00e9ny Egyes\u00fclet alap\u00edt\u00f3 tagja.<\/td>\n<\/tr>\n<tr>\n<th style=\"border: none;vertical-align: top;text-align: right\">P\u00e9nzt\u00e1ros <br \/><a href=\"mailto:treasurer@kmosz-nahc.ca\">treasurer@kmosz-nahc.ca<\/a><\/th>\n<td style=\"border: none;vertical-align: top\"><strong>Jacs\u00f3 M\u00e1ria<\/strong> (Toronto, ON)<\/td>\n<p>A Cambridge-i Kossuth H\u00e1z tagja \u00e9s akt\u00edv n\u00e9pt\u00e1ncosa.<\/tr>\n<\/tbody>\n<\/table>\n","protected":false},"excerpt":{"rendered":"<p>A KMOSz filoz\u00f3fi\u00e1ja a sz\u00e9les t\u00e1rsadalmi \u00f6sszefog\u00e1son \u00e9s a hat\u00e9kony munkamegoszt\u00e1son alapszik. Ennek megfelel\u0151en a szervezetet tagszervezetek \u00e9s a KMOSZ helyi fi\u00f3kjainak k\u00e9pvisel\u0151ib\u0151l \u00e1ll\u00f3 K\u00e9pvisel\u0151k Tan\u00e1csa vezeti, melynek hat\u00e1rozatait az Igazgat\u00f3i Tan\u00e1cs vitelezi ki. A KMOSz kanadai sz\u00f6vets\u00e9gi szinten bejegyzett k\u00f6zhaszn\u00fa szervezet, amely alapszab\u00e1ly\u00e1t (by-laws), m\u0171k\u00f6d\u00e9si szab\u00e1lyzat\u00e1t \u00e9s m\u00e1s, a tagszervezeteket \u00e9rint\u0151 dokumentumait a k\u00f6vetkez\u0151 &hellip; <a href=\"http:\/\/kmosz-nahc.ca\/hu\/szervezeti-felepites\/\" class=\"more-link\"><span class=\"screen-reader-text\">&#8222;Szervezeti fel\u00e9p\u00edt\u00e9s&#8221;<\/span> b\u0151vebben<\/a><\/p>\n","protected":false},"author":1,"featured_media":0,"parent":0,"menu_order":20,"comment_status":"closed","ping_status":"closed","template":"","meta":[],"_links":{"self":[{"href":"http:\/\/kmosz-nahc.ca\/hu\/wp-json\/wp\/v2\/pages\/53"}],"collection":[{"href":"http:\/\/kmosz-nahc.ca\/hu\/wp-json\/wp\/v2\/pages"}],"about":[{"href":"http:\/\/kmosz-nahc.ca\/hu\/wp-json\/wp\/v2\/types\/page"}],"author":[{"embeddable":true,"href":"http:\/\/kmosz-nahc.ca\/hu\/wp-json\/wp\/v2\/users\/1"}],"replies":[{"embeddable":true,"href":"http:\/\/kmosz-nahc.ca\/hu\/wp-json\/wp\/v2\/comments?post=53"}],"version-history":[{"count":0,"href":"http:\/\/kmosz-nahc.ca\/hu\/wp-json\/wp\/v2\/pages\/53\/revisions"}],"wp:attachment":[{"href":"http:\/\/kmosz-nahc.ca\/hu\/wp-json\/wp\/v2\/media?parent=53"}],"curies":[{"name":"wp","href":"https:\/\/api.w.org\/{rel}","templated":true}]}}