{"id":52,"date":"2012-09-15T00:00:00","date_gmt":"2012-09-15T05:00:00","guid":{"rendered":"http:\/\/kmosz-nahc.ca\/hu\/?page_id=52"},"modified":"2012-09-15T00:00:00","modified_gmt":"2012-09-15T05:00:00","slug":"tagsag","status":"publish","type":"page","link":"http:\/\/kmosz-nahc.ca\/hu\/tagsag\/","title":{"rendered":"Tags\u00e1g"},"content":{"rendered":"<p>Any Hungarian organization in Canada can become a member of NAHC that have at least 5 members, agree to the policies of NAHC and pay the membership fee. For the NAHC policies please refer to the <a href=\"\/irat\/kmosz\/NAHC_KMOSZ-ByLaws_No4-20180121.pdf\">By-laws<\/a>. If you or your organization wants to join NAHC, please contact the secretary of NAHC by e-mail at <a href=\"mailto:secretary@kmosz-nahc.ca\" target=\"_blank\">secretary@kmosz-nahc.ca<\/a>.<\/p>\n<h2>Current Members<\/h2>\n<h3>British Columbia<\/h3>\n<ul>\n<li>NAHC Vancouver Chapter<\/li>\n<li><a href=\"https:\/\/www.facebook.com\/Vancouveri-Magyar-Reformatus-Egyhaz-137293629797575\/?ref=stream\" target=\"_blank\">Hungarian Presbyterian Church, Vancouver<\/a><\/li>\n<li><a href=\"http:\/\/www.hungariansocietyofvictoria.org\/in\/index.html\" target=\"_blank\">Hungarian Social Circle of Victoria<\/a><\/li>\n<\/ul>\n<h3>Ontario<\/h3>\n<ul>\n<li><a href=\"http:\/\/www.omh-ohcc.ca\" target=\"_blank\">Ottawa Hungarian Community Centre<\/a><\/li>\n<li>Hungarian Booklovers Heritage Library, Toronto <\/li>\n<li>NAHC Toronto Chapter<\/li>\n<\/ul>\n<h3>Qu\u00e9bec<\/h3>\n<ul>\n<li><a href=\"http:\/\/magyar.montrealhungarians.ca\/organizations\/bethlen-gabor-irodalmi-es-barati-koer\" target=\"_blank\">Bethlen G\u00e1bor Literature and Friends Club, Montr\u00e9al<\/a><\/li>\n<li><a href=\"http:\/\/magyar.montrealhungarians.ca\/organizations\/hungaria-tarsadalmi-egyesuelet\" target=\"_blank\">Hungarian Social Club, Montr\u00e9al<\/a><\/li>\n<li><a href=\"http:\/\/montref.blogspot.ca\/p\/csillagosveny-egyesulet.html\" target=\"_blank\">Csillag\u00f6sv\u00e9ny Society, Montr\u00e9al<\/a><\/li>\n<li>Hungaria Football Club, Montr\u00e9al <\/li>\n<li>Szt. L\u00e1szl\u00f3 Society and Order, Montr\u00e9al <\/li>\n<li><a href=\"http:\/\/www.magyarkronika.com\/\" target=\"_blank\">Hungarian Chronicle, Montr\u00e9al<\/a><\/li>\n<li>NAHC Montr\u00e9al Chapter<\/li>\n<\/ul>\n","protected":false},"excerpt":{"rendered":"<p>Any Hungarian organization in Canada can become a member of NAHC that have at least 5 members, agree to the policies of NAHC and pay the membership fee. For the NAHC policies please refer to the By-laws. If you or your organization wants to join NAHC, please contact the secretary of NAHC by e-mail at &hellip; <a href=\"http:\/\/kmosz-nahc.ca\/hu\/tagsag\/\" class=\"more-link\"><span class=\"screen-reader-text\">&#8222;Tags\u00e1g&#8221;<\/span> b\u0151vebben<\/a><\/p>\n","protected":false},"author":1,"featured_media":0,"parent":0,"menu_order":15,"comment_status":"closed","ping_status":"closed","template":"","meta":[],"_links":{"self":[{"href":"http:\/\/kmosz-nahc.ca\/hu\/wp-json\/wp\/v2\/pages\/52"}],"collection":[{"href":"http:\/\/kmosz-nahc.ca\/hu\/wp-json\/wp\/v2\/pages"}],"about":[{"href":"http:\/\/kmosz-nahc.ca\/hu\/wp-json\/wp\/v2\/types\/page"}],"author":[{"embeddable":true,"href":"http:\/\/kmosz-nahc.ca\/hu\/wp-json\/wp\/v2\/users\/1"}],"replies":[{"embeddable":true,"href":"http:\/\/kmosz-nahc.ca\/hu\/wp-json\/wp\/v2\/comments?post=52"}],"version-history":[{"count":0,"href":"http:\/\/kmosz-nahc.ca\/hu\/wp-json\/wp\/v2\/pages\/52\/revisions"}],"wp:attachment":[{"href":"http:\/\/kmosz-nahc.ca\/hu\/wp-json\/wp\/v2\/media?parent=52"}],"curies":[{"name":"wp","href":"https:\/\/api.w.org\/{rel}","templated":true}]}}