{"id":51,"date":"2012-09-15T00:00:00","date_gmt":"2012-09-15T05:00:00","guid":{"rendered":"http:\/\/kmosz-nahc.ca\/hu\/?page_id=51"},"modified":"2012-09-15T00:00:00","modified_gmt":"2012-09-15T05:00:00","slug":"celkituzeseink","status":"publish","type":"page","link":"http:\/\/kmosz-nahc.ca\/hu\/celkituzeseink\/","title":{"rendered":"C\u00e9lkit\u0171z\u00e9seink"},"content":{"rendered":"<p>A Kanadai Magyarok Orsz\u00e1gos Sz\u00f6vets\u00e9ge a kanadai magyar szervezeteket t\u00f6m\u00f6r\u00edt\u0151 orsz\u00e1gos szervezet. C\u00e9lja az eddig szinte szigetekk\u00e9nt m\u0171k\u00f6d\u0151 magyar k\u00f6zpontok olyan \u00e9l\u0151 h\u00e1l\u00f3zat\u00e1nak l\u00e9trehoz\u00e1sa, amely keret\u00e9ben a kanadai magyar szervezetek k\u00f6z\u00f6s c\u00e9ljai egy\u00fcttes er\u0151fesz\u00edt\u00e9ssel lelhetnek megval\u00f3s\u00edt\u00e1sra. A KMOSz c\u00e9lkit\u0171z\u00e9seit az alap\u00edt\u00f3 szervezetek a k\u00f6vetkez\u0151 5 pontban hat\u00e1rozt\u00e1k meg a 2012. szeptember 15-\u00e9n elfogadott alapszab\u00e1lyban: <\/p>\n<ol>\n<li>A t\u00e1rsadalmi \u00e9letben val\u00f3 tev\u00e9keny r\u00e9szv\u00e9tel hirdet\u00e9se \u00e9s el\u0151seg\u00edt\u00e9se olyan kezdem\u00e9nyez\u00e9sek \u00e1ltal, amelyek a kanadai \u00e9s magyar nemzeti \u00f6ntudat er\u0151s\u00edt\u00e9s\u00e9t, kultur\u00e1lis vagy humanit\u00e1rius c\u00e9lokat szolg\u00e1lnak.<\/li>\n<li>A magyar nemzeti \u00e9rdekek p\u00e1rtatlan k\u00e9pviselete a kanadai, a magyar \u00e9s a vil\u00e1g k\u00f6zv\u00e9lem\u00e9nye el\u0151tt.<\/li>\n<li>A kanadai diaszp\u00f3r\u00e1ban \u00e9l\u0151 magyars\u00e1g nemzeti \u00f6ntudat\u00e1nak meg\u0151rz\u00e9se, kult\u00far\u00e1j\u00e1nak, t\u00f6rt\u00e9nelm\u00e9nek \u00e9s n\u00e9pi hagyom\u00e1nyainak \u00e1pol\u00e1sa.<\/li>\n<li>A hazai \u00e9s K\u00e1rp\u00e1t-medencei magyars\u00e1g t\u00e1mogat\u00e1sa \u00e9s seg\u00edt\u00e9se.<\/li>\n<li>A kanadai magyar szervezetek, m\u0171v\u00e9szeti, gazdas\u00e1gi, tudom\u00e1nyos, \u00e9s szabadfoglalkoz\u00e1s\u00fa k\u00f6r\u00f6k k\u00f6z\u00f6tti egy\u00fcttm\u0171k\u00f6d\u00e9s el\u0151seg\u00edt\u00e9se.<\/li>\n<\/ol>\n<p> A KMOSz \u00f6sszefogja \u00e9s kieg\u00e9sz\u00edti a kanadai magyar szervezetek tev\u00e9kenys\u00e9g\u00e9t \u2013 azok bels\u0151 \u00e9let\u00e9be be nem avatkozik, \u00f6n\u00e1ll\u00f3s\u00e1gukat nem befoly\u00e1solja, hiszen azok m\u0171k\u00f6d\u00e9s\u00e9t tov\u00e1bbra is saj\u00e1t alapszab\u00e1lyaik \u00e9s m\u0171k\u00f6d\u00e9si szab\u00e1lyzatuk szab\u00e1lyozz\u00e1k. A KMOSz alap\u00edt\u00f3 tagjainak meggy\u0151z\u0151d\u00e9se, hogy a magyar nemzeti \u00f6ntudat \u00e1pol\u00e1s\u00e1t k\u00f6z\u00f6ss\u00e9geken kereszt\u00fcl lehet a leghat\u00e9konyabban megval\u00f3s\u00edtani. Ez\u00e9rt a KMOSz nem egy\u00e9nek, hanem szervezetek sz\u00f6vets\u00e9ge, hiszen k\u00f6z\u00f6ss\u00e9gek \u00fatj\u00e1n tudunk igaz\u00e1n nagyot alkotni, megbirk\u00f3zni ak\u00e1r legy\u0151zhetetlennek t\u0171n\u0151 akad\u00e1lyokkal is. Ezzel term\u00e9szetesen egy\u00e9neket nem z\u00e1runk ki a magyars\u00e1g\u00e9rt val\u00f3 tenniakar\u00e1sb\u00f3l, de \u00f6szt\u00f6n\u00f6zz\u00fck \u0151ket, hogy tegy\u00e9k ezt egy k\u00f6z\u00f6ss\u00e9gen \u00e1t, azaz tagszervezeteinkbe val\u00f3 bel\u00e9p\u00e9ssel \u00e9s az azokban val\u00f3 tev\u00e9keny szerepv\u00e1llal\u00e1ssal. Term\u00e9szetesen t\u00e1mogatjuk \u00faj magyar szervezetek l\u00e9trej\u00f6tt\u00e9t is, olyanok\u00e9t, amelyek tev\u00e9kenys\u00e9gi k\u00f6re, c\u00e9lkit\u0171z\u00e9sei esetleg m\u00e9g nincs lefedve m\u00e1s, l\u00e9tez\u0151 szervezetekben. \u00daj szervezetek l\u00e9trehoz\u00e1s\u00e1hoz sz\u00edvesen adunk tan\u00e1csot \u00e9s v\u00e1rjuk \u0151ket a KMOSz soraiban.<\/p>\n","protected":false},"excerpt":{"rendered":"<p>A Kanadai Magyarok Orsz\u00e1gos Sz\u00f6vets\u00e9ge a kanadai magyar szervezeteket t\u00f6m\u00f6r\u00edt\u0151 orsz\u00e1gos szervezet. C\u00e9lja az eddig szinte szigetekk\u00e9nt m\u0171k\u00f6d\u0151 magyar k\u00f6zpontok olyan \u00e9l\u0151 h\u00e1l\u00f3zat\u00e1nak l\u00e9trehoz\u00e1sa, amely keret\u00e9ben a kanadai magyar szervezetek k\u00f6z\u00f6s c\u00e9ljai egy\u00fcttes er\u0151fesz\u00edt\u00e9ssel lelhetnek megval\u00f3s\u00edt\u00e1sra. A KMOSz c\u00e9lkit\u0171z\u00e9seit az alap\u00edt\u00f3 szervezetek a k\u00f6vetkez\u0151 5 pontban hat\u00e1rozt\u00e1k meg a 2012. szeptember 15-\u00e9n elfogadott alapszab\u00e1lyban: A &hellip; <a href=\"http:\/\/kmosz-nahc.ca\/hu\/celkituzeseink\/\" class=\"more-link\"><span class=\"screen-reader-text\">&#8222;C\u00e9lkit\u0171z\u00e9seink&#8221;<\/span> b\u0151vebben<\/a><\/p>\n","protected":false},"author":1,"featured_media":0,"parent":0,"menu_order":10,"comment_status":"closed","ping_status":"closed","template":"","meta":[],"_links":{"self":[{"href":"http:\/\/kmosz-nahc.ca\/hu\/wp-json\/wp\/v2\/pages\/51"}],"collection":[{"href":"http:\/\/kmosz-nahc.ca\/hu\/wp-json\/wp\/v2\/pages"}],"about":[{"href":"http:\/\/kmosz-nahc.ca\/hu\/wp-json\/wp\/v2\/types\/page"}],"author":[{"embeddable":true,"href":"http:\/\/kmosz-nahc.ca\/hu\/wp-json\/wp\/v2\/users\/1"}],"replies":[{"embeddable":true,"href":"http:\/\/kmosz-nahc.ca\/hu\/wp-json\/wp\/v2\/comments?post=51"}],"version-history":[{"count":0,"href":"http:\/\/kmosz-nahc.ca\/hu\/wp-json\/wp\/v2\/pages\/51\/revisions"}],"wp:attachment":[{"href":"http:\/\/kmosz-nahc.ca\/hu\/wp-json\/wp\/v2\/media?parent=51"}],"curies":[{"name":"wp","href":"https:\/\/api.w.org\/{rel}","templated":true}]}}