{"id":50,"date":"2012-09-15T00:00:00","date_gmt":"2012-09-15T05:00:00","guid":{"rendered":"http:\/\/kmosz-nahc.ca\/hu\/?page_id=50"},"modified":"2020-06-03T13:07:18","modified_gmt":"2020-06-03T18:07:18","slug":"legujabban","status":"publish","type":"page","link":"http:\/\/kmosz-nahc.ca\/hu\/","title":{"rendered":"Leg\u00fajabban&#8230;"},"content":{"rendered":"<style>table, th, td { border: none;} th, td { text-align: left; vertical-align: top;}<\/style>\n<table style=\"border: none;\">\n<tbody>\n<tr>\n<th>Kr\u00f3nika, h\u00edrek, sajt\u00f3nyilatkozatok, felh\u00edv\u00e1sok:<\/th>\n<th>Rendezv\u00e9nyek:<\/th>\n<\/tr>\n<tr>\n<td><!-- lps\/start --><div id=\"lps-50f51ba2c1470fa7911997fe8099c126-wrap\" data-args=\"{&quot;ver&quot;:1,&quot;perpage&quot;:&quot;5&quot;,&quot;type&quot;:&quot;post&quot;,&quot;chrlimit&quot;:120,&quot;display&quot;:&quot;title,date,content-small&quot;,&quot;url&quot;:&quot;yes_blank&quot;,&quot;linktext&quot;:&quot;tov\u00e1bb...&quot;,&quot;elements&quot;:&quot;5&quot;,&quot;show_extra&quot;:&quot;ajax_pagination,dark_spinner,pagination_all&quot;,&quot;status&quot;:&quot;publish&quot;,&quot;orderby&quot;:&quot;dateD&quot;,&quot;taxonomy&quot;:&quot;category&quot;,&quot;term&quot;:&quot;Kr\u00f3nika, H\u00edrek, Sajt\u00f3nyilatkozatok, Felh\u00edv\u00e1sok&quot;,&quot;showpages&quot;:&quot;5&quot;,&quot;total_text&quot;:&quot;Total items: %d&quot;,&quot;alltext&quot;:&quot;All&quot;}\" data-current=\"50\" data-perpage=\"5\" data-total=\"68\" class=\"lps-top-section-wrap dark_spinner\" data-url=\"http:\/\/kmosz-nahc.ca\/hu\/wp-json\/wp\/v2\/pages\/50\"><!-- lps\/pagination-start --><div class=\"before lps-pagination-wrap all-elements\"><ul class=\"latest-post-selection pages all-elements lps-50f51ba2c1470fa7911997fe8099c126\"><li class=\"pages-info\">Page 1 of 14<\/li><li class=\"go-to-first disabled\"><a class=\"page-item\" data-page=\"1\" title=\"First page\">&lsaquo;&nbsp;<\/a><\/li><li class=\"go-to-prev disabled\"><a class=\"page-item\" data-page=\"1\" title=\"Previous page\">&laquo;<\/a><\/li><li class=\"current\"><a class=\"page-item item-number\" href=\"http:\/\/kmosz-nahc.ca\/hu\/wp-json\/wp\/v2\/pages\/50\" data-page=\"1\" title=\"First page\">1<\/a><\/li><li><a class=\"page-item item-number\" href=\"http:\/\/kmosz-nahc.ca\/hu\/wp-json\/wp\/v2\/pages\/50\/page\/2\/\" data-page=\"2\" title=\"Page 2\">2<\/a><\/li><li><a class=\"page-item item-number\" href=\"http:\/\/kmosz-nahc.ca\/hu\/wp-json\/wp\/v2\/pages\/50\/page\/3\/\" data-page=\"3\" title=\"Page 3\">3<\/a><\/li><li><a class=\"page-item item-number\" href=\"http:\/\/kmosz-nahc.ca\/hu\/wp-json\/wp\/v2\/pages\/50\/page\/4\/\" data-page=\"4\" title=\"Page 4\">4<\/a><\/li><li><a class=\"page-item item-number\" href=\"http:\/\/kmosz-nahc.ca\/hu\/wp-json\/wp\/v2\/pages\/50\/page\/5\/\" data-page=\"5\" title=\"Page 5\">5<\/a><\/li><li class=\"go-to-next\"><a class=\"page-item\" href=\"http:\/\/kmosz-nahc.ca\/hu\/wp-json\/wp\/v2\/pages\/50\/page\/2\/\" data-page=\"2\" title=\"Next page\">&raquo;<\/a><\/li><li class=\"go-to-last\"><a class=\"page-item\" href=\"http:\/\/kmosz-nahc.ca\/hu\/wp-json\/wp\/v2\/pages\/50\/page\/14\/\" data-page=\"14\" title=\"Last page\">&nbsp;&rsaquo;<\/a><\/li><\/ul><\/div><!-- lps\/pagination-end --><section class=\"latest-post-selection ajax_pagination\" id=\"lps-50f51ba2c1470fa7911997fe8099c126\" style=\"\" role=\"list\"><article class=\"post-263 post type-post status-publish format-standard hentry category-felhivasok\" data-lps-id=\"263\" role=\"listitem\"><h3 class=\"article__title item-title-tag\">Koronav\u00edrus K\u00e1rp\u00e1talj\u00e1n<\/h3><em class=\"article__date item-date\">2020-04-28 <i>00:00<\/i><\/em><div class=\"article__text item-text\"><p>K\u00e1rp\u00e1talja eg\u00e9szs\u00e9g\u00fcgyi viszonyai mellett a koronav\u00edrus-fert\u0151z\u00e9s elterjed\u00e9se az ott \u00e9l\u0151 magyarok sz\u00e1m\u00e1ra nagyon nagy vesz\u00e9lyt<\/p>\n<\/div><a href=\"http:\/\/kmosz-nahc.ca\/hu\/koronavirus-karpataljan\/\" title=\"Koronav\u00edrus K\u00e1rp\u00e1talj\u00e1n\" target=\"_blank\" class=\"article__link read-more\"><span class=\"article__read-more read-more\">tov\u00e1bb...<\/span><\/a><\/article><article class=\"post-231 post type-post status-publish format-standard hentry category-hirek\" data-lps-id=\"231\" role=\"listitem\"><h3 class=\"article__title item-title-tag\">Magyar virtu\u00e1lis sz\u00ednh\u00e1z a diaszp\u00f3r\u00e1ban<\/h3><em class=\"article__date item-date\">2019-06-03 <i>00:00<\/i><\/em><div class=\"article__text item-text\"><p>\u00d6r\u00f6mteli h\u00edr\u00fcnk van! Az Alap\u00edtv\u00e1ny a Magyar Sz\u00ednh\u00e1zak\u00e9rt szervezet \u00faj programot ind\u00edtott el, amelynek c\u00e9lja a magyar sz\u00ednh\u00e1zi<\/p>\n<\/div><a href=\"http:\/\/kmosz-nahc.ca\/hu\/magyar-virtualis-szinhaz-a-diaszporaban\/\" title=\"Magyar virtu\u00e1lis sz\u00ednh\u00e1z a diaszp\u00f3r\u00e1ban\" target=\"_blank\" class=\"article__link read-more\"><span class=\"article__read-more read-more\">tov\u00e1bb...<\/span><\/a><\/article><article class=\"post-175 post type-post status-publish format-standard hentry category-kronika\" data-lps-id=\"175\" role=\"listitem\"><h3 class=\"article__title item-title-tag\">A 2018-as kis busz akci\u00f3 term\u00e9se<\/h3><em class=\"article__date item-date\">2018-12-29 <i>00:00<\/i><\/em><div class=\"article__text item-text\"><p>A Kanadai Magyarok Orsz\u00e1gos Sz\u00f6vets\u00e9ge 2018-as gy\u0171jt\u00e9se 5107,75$-t eredm\u00e9nyezett, melynek \u00e1tutal\u00e1sa 2018. december 28-\u00e1n<\/p>\n<\/div><a href=\"http:\/\/kmosz-nahc.ca\/hu\/a-2018-as-kis-busz-akcio-termese\/\" title=\"A 2018-as kis busz akci\u00f3 term\u00e9se\" target=\"_blank\" class=\"article__link read-more\"><span class=\"article__read-more read-more\">tov\u00e1bb...<\/span><\/a><\/article><article class=\"post-174 post type-post status-publish format-standard hentry category-kronika\" data-lps-id=\"174\" role=\"listitem\"><h3 class=\"article__title item-title-tag\">KMOSZ \u00e9ves k\u00f6zgy\u0171l\u00e9se<\/h3><em class=\"article__date item-date\">2018-12-21 <i>00:00<\/i><\/em><div class=\"article__text item-text\"><p>2019-ben a KMOSZ janu\u00e1r 20-\u00e1n tartja az \u00e9ves k\u00f6zgy\u0171l\u00e9s\u00e9t. Rem\u00e9lj\u00fck minden tagszervezet r\u00e9sztvesz, \u00e9s felhatalmazott k\u00e9pvisel\u0151ket<\/p>\n<\/div><a href=\"http:\/\/kmosz-nahc.ca\/hu\/kmosz-eves-kozgyulese-2018\/\" title=\"KMOSZ \u00e9ves k\u00f6zgy\u0171l\u00e9se\" target=\"_blank\" class=\"article__link read-more\"><span class=\"article__read-more read-more\">tov\u00e1bb...<\/span><\/a><\/article><article class=\"post-237 post type-post status-publish format-standard hentry category-sajtonyilatkozatok\" data-lps-id=\"237\" role=\"listitem\"><h3 class=\"article__title item-title-tag\">Tiltakoz\u00e1s Ukrajna magyar kisebbs\u00e9geire ir\u00e1ny\u00edtott megf\u00e9leml\u00edt\u00e9sei ellen<\/h3><em class=\"article__date item-date\">2018-10-04 <i>00:00<\/i><\/em><div class=\"article__text item-text\"><p>A Kanadai Magyarok Orsz\u00e1gos Sz\u00f6vets\u00e9ge (KMOSz) hat\u00e1rozottan el\u00edt\u00e9li az ukr\u00e1nok folytat\u00f3d\u00f3 agressz\u00edv, diszkriminat\u00edv \u00e9s elnyom\u00f3<\/p>\n<\/div><a href=\"http:\/\/kmosz-nahc.ca\/hu\/tiltakozas-ukrajna-magyar-kisebbsegeire-iranyitott-megfelemlitesei-ellen\/\" title=\"Tiltakoz\u00e1s Ukrajna magyar kisebbs\u00e9geire ir\u00e1ny\u00edtott megf\u00e9leml\u00edt\u00e9sei ellen\" target=\"_blank\" class=\"article__link read-more\"><span class=\"article__read-more read-more\">tov\u00e1bb...<\/span><\/a><\/article><\/section><\/div><!-- lps\/end --><\/td>\n<td><!-- lps\/start --><div id=\"lps-e4937e9d99cf6ac08d8d97bfebc363d0-wrap\" data-args=\"{&quot;ver&quot;:1,&quot;perpage&quot;:&quot;5&quot;,&quot;type&quot;:&quot;post&quot;,&quot;chrlimit&quot;:120,&quot;display&quot;:&quot;title,date,content-small&quot;,&quot;url&quot;:&quot;yes_blank&quot;,&quot;linktext&quot;:&quot;tov\u00e1bb...&quot;,&quot;elements&quot;:&quot;5&quot;,&quot;show_extra&quot;:&quot;ajax_pagination,dark_spinner,pagination_all&quot;,&quot;status&quot;:&quot;publish&quot;,&quot;orderby&quot;:&quot;dateD&quot;,&quot;taxonomy&quot;:&quot;category&quot;,&quot;term&quot;:&quot;Rendezv\u00e9nyek&quot;,&quot;showpages&quot;:&quot;5&quot;,&quot;total_text&quot;:&quot;Total items: %d&quot;,&quot;alltext&quot;:&quot;All&quot;}\" data-current=\"237\" data-perpage=\"5\" data-total=\"14\" class=\"lps-top-section-wrap dark_spinner\" data-url=\"http:\/\/kmosz-nahc.ca\/hu\/wp-json\/wp\/v2\/pages\/50\"><!-- lps\/pagination-start --><div class=\"before lps-pagination-wrap all-elements\"><ul class=\"latest-post-selection pages all-elements lps-e4937e9d99cf6ac08d8d97bfebc363d0\"><li class=\"pages-info\">Page 1 of 3<\/li><li class=\"go-to-prev disabled\"><a class=\"page-item\" data-page=\"1\" title=\"Previous page\">&laquo;<\/a><\/li><li class=\"current\"><a class=\"page-item item-number\" href=\"http:\/\/kmosz-nahc.ca\/hu\/wp-json\/wp\/v2\/pages\/50\" data-page=\"1\" title=\"First page\">1<\/a><\/li><li><a class=\"page-item item-number\" href=\"http:\/\/kmosz-nahc.ca\/hu\/wp-json\/wp\/v2\/pages\/50\/page\/2\/\" data-page=\"2\" title=\"Page 2\">2<\/a><\/li><li><a class=\"page-item item-number\" href=\"http:\/\/kmosz-nahc.ca\/hu\/wp-json\/wp\/v2\/pages\/50\/page\/3\/\" data-page=\"3\" title=\"Page 3\">3<\/a><\/li><li class=\"go-to-next\"><a class=\"page-item\" href=\"http:\/\/kmosz-nahc.ca\/hu\/wp-json\/wp\/v2\/pages\/50\/page\/2\/\" data-page=\"2\" title=\"Next page\">&raquo;<\/a><\/li><\/ul><\/div><!-- lps\/pagination-end --><section class=\"latest-post-selection ajax_pagination\" id=\"lps-e4937e9d99cf6ac08d8d97bfebc363d0\" style=\"\" role=\"list\"><article class=\"post-289 post type-post status-publish format-standard hentry category-rendezvenyek\" data-lps-id=\"289\" role=\"listitem\"><h3 class=\"article__title item-title-tag\">Tisz\u00e1n innen, tengereken t\u00fal<\/h3><em class=\"article__date item-date\">2021-05-15 <i>21:27<\/i><\/em><div class=\"article__text item-text\"><p>?Lelkem, \u00e9rz\u00e9sem \u00f6r\u00f6ks\u00e9get kapott&#8230;\u201d Zen\u00e9s-verses-pr\u00f3zai, virtu\u00e1lis eml\u00e9km\u0171sor a trianoni b\u00e9kedikt\u00e1tum 101. \u00e9vfordul\u00f3ja<\/p>\n<\/div><a href=\"http:\/\/kmosz-nahc.ca\/hu\/tiszan-innen-tengereken-tul\/\" title=\"Tisz\u00e1n innen, tengereken t\u00fal\" target=\"_blank\" class=\"article__link read-more\"><span class=\"article__read-more read-more\">tov\u00e1bb...<\/span><\/a><\/article><article class=\"post-276 post type-post status-publish format-standard hentry category-rendezvenyek\" data-lps-id=\"276\" role=\"listitem\"><h3 class=\"article__title item-title-tag\">100 \u00e9v Trianon<\/h3><em class=\"article__date item-date\">2020-06-03 <i>20:57<\/i><\/em><div class=\"article__text item-text\"><p>M\u00e9g akkor is, ha a 100. megeml\u00e9kez\u00e9st a koronav\u00edrus j\u00e1rv\u00e1ny martal\u00e9k\u00e1v\u00e1 teszi, szellem\u00e9t nem \u0151r\u00f6lheti fel, \u00e9s gondolatban<\/p>\n<\/div><a href=\"http:\/\/kmosz-nahc.ca\/hu\/100-ev-trianon\/\" title=\"100 \u00e9v Trianon\" target=\"_blank\" class=\"article__link read-more\"><span class=\"article__read-more read-more\">tov\u00e1bb...<\/span><\/a><\/article><article class=\"post-244 post type-post status-publish format-standard hentry category-rendezvenyek\" data-lps-id=\"244\" role=\"listitem\"><h3 class=\"article__title item-title-tag\">Komolyzene felr\u00e1zva, nem keverve<\/h3><em class=\"article__date item-date\">2019-09-23 <i>00:30<\/i><\/em><div class=\"article__text item-text\"><p>Kalmus Felici\u00e1n koncertaz Extra Hungariam Alap\u00edtv\u00e1ny szervez\u00e9s\u00e9ben.A KMOSZ k\u00f6zrem\u0171k\u00f6d\u00e9s\u00e9vel a bev\u00e9tel egy r\u00e9sze a k\u00e1rp\u00e1taljai<\/p>\n<\/div><a href=\"http:\/\/kmosz-nahc.ca\/hu\/komolyzene-felrazva-nem-keverve\/\" title=\"Komolyzene felr\u00e1zva, nem keverve\" target=\"_blank\" class=\"article__link read-more\"><span class=\"article__read-more read-more\">tov\u00e1bb...<\/span><\/a><\/article><article class=\"post-176 post type-post status-publish format-standard hentry category-rendezvenyek\" data-lps-id=\"176\" role=\"listitem\"><h3 class=\"article__title item-title-tag\">Szabads\u00e1gharc<\/h3><em class=\"article__date item-date\">2019-02-12 <i>00:00<\/i><\/em><div class=\"article__text item-text\"><p>Sz\u00ednh\u00e1zi el\u0151ad\u00e1s\u00cdrta: Bresty\u00e1nszki Boros Roz\u00e1liaSzerepl\u0151k:Arany J\u00e1nos \u00e9s mindenki m\u00e1s: K\u00e1ll\u00f3 B\u00e9la szabadkai sz\u00ednm\u0171v\u00e9szPet\u0151fi<\/p>\n<\/div><a href=\"http:\/\/kmosz-nahc.ca\/hu\/szabadsagharc\/\" title=\"Szabads\u00e1gharc\" target=\"_blank\" class=\"article__link read-more\"><span class=\"article__read-more read-more\">tov\u00e1bb...<\/span><\/a><\/article><article class=\"post-173 post type-post status-publish format-standard hentry category-rendezvenyek\" data-lps-id=\"173\" role=\"listitem\"><h3 class=\"article__title item-title-tag\">Ha Te tudn\u00e1d...<\/h3><em class=\"article__date item-date\">2018-09-03 <i>00:00<\/i><\/em><div class=\"article__text item-text\"><p>a Hungarikum Egy\u00fcttes koncertjemegzen\u00e9s\u00edtett versekn\u00e9pdalfeldolgoz\u00e1soksaj\u00e1t szerzem\u00e9nyekistenes dalokA Hungarikum egy\u00fcttes<\/p>\n<\/div><a href=\"http:\/\/kmosz-nahc.ca\/hu\/ha-te-tudnad\/\" title=\"Ha Te tudn\u00e1d...\" target=\"_blank\" class=\"article__link read-more\"><span class=\"article__read-more read-more\">tov\u00e1bb...<\/span><\/a><\/article><\/section><\/div><!-- lps\/end --><\/td>\n<\/tr>\n<\/tbody>\n<\/table>\n","protected":false},"excerpt":{"rendered":"<p>Kr\u00f3nika, h\u00edrek, sajt\u00f3nyilatkozatok, felh\u00edv\u00e1sok: Rendezv\u00e9nyek:<\/p>\n","protected":false},"author":1,"featured_media":0,"parent":0,"menu_order":5,"comment_status":"closed","ping_status":"closed","template":"","meta":[],"_links":{"self":[{"href":"http:\/\/kmosz-nahc.ca\/hu\/wp-json\/wp\/v2\/pages\/50"}],"collection":[{"href":"http:\/\/kmosz-nahc.ca\/hu\/wp-json\/wp\/v2\/pages"}],"about":[{"href":"http:\/\/kmosz-nahc.ca\/hu\/wp-json\/wp\/v2\/types\/page"}],"author":[{"embeddable":true,"href":"http:\/\/kmosz-nahc.ca\/hu\/wp-json\/wp\/v2\/users\/1"}],"replies":[{"embeddable":true,"href":"http:\/\/kmosz-nahc.ca\/hu\/wp-json\/wp\/v2\/comments?post=50"}],"version-history":[{"count":0,"href":"http:\/\/kmosz-nahc.ca\/hu\/wp-json\/wp\/v2\/pages\/50\/revisions"}],"wp:attachment":[{"href":"http:\/\/kmosz-nahc.ca\/hu\/wp-json\/wp\/v2\/media?parent=50"}],"curies":[{"name":"wp","href":"https:\/\/api.w.org\/{rel}","templated":true}]}}