{"id":53,"date":"2012-09-15T00:00:00","date_gmt":"2012-09-15T05:00:00","guid":{"rendered":"http:\/\/kmosz-nahc.ca\/en\/?page_id=53"},"modified":"2012-09-15T00:00:00","modified_gmt":"2012-09-15T05:00:00","slug":"organizational-structure","status":"publish","type":"page","link":"http:\/\/kmosz-nahc.ca\/en\/organizational-structure\/","title":{"rendered":"Organizational Structure"},"content":{"rendered":"<p>The mandate of the NAHC is to promote the cultural life of the Hungarian communities in Canada. Its key strategies include good organization, efficient team work, and the support by the Hungarian communities nationwide. The organization is lead by the Board of Commons formed by the representatives of the member organizations and local chapters, and the Board of Directors executing the decisions of the Board of Commons and managing the business of the organization. The NAHC is a non-for profit organization officially registered with Industry Canada. It operates on principles, rules and regulations described in the following documents:<\/p>\n<ul>\n<li><a href=\"\/irat\/kmosz\/szandeknyilatkozat_v6.pdf\">Articles of Continuance<\/a><\/li>\n<li><a href=\"\/irat\/kmosz\/NAHC_KMOSZ-ByLaws_No4-20180121.pdf\">By-Laws<\/a><\/li>\n<\/ul>\n<h2>Board of Directors<\/h2>\n<table style=\"border: none;vertical-align: top\">\n<tbody>\n<tr>\n<th style=\"border: none;vertical-align: top;width: 35%;text-align: right\">President<br \/><a href=\"mailto:president@kmosz-nahc.ca\" target=\"_blank\">president@kmosz-nahc.ca<\/a><\/th>\n<td style=\"border: none;vertical-align: top\"><strong>G\u00e1bor Vaski<\/strong> (Burlington, ON) Financial advisor, founder and president of the Extra Hungariam Foundation, ex-president of the Hungarian Cultural Centre in Canada.<\/td>\n<\/tr>\n<tr>\n<th style=\"border: none;vertical-align: top;text-align: right\">Vice-President<br \/><a href=\"mailto:vicepresident@kmosz-nahc.ca\" target=\"_blank\">vicepresident@kmosz-nahc.ca<\/a><\/th>\n<td style=\"border: none;vertical-align: top\"><strong>Tibor \u00c1brah\u00e1m<\/strong> (Vancouver, BC) Construction entrepreneur, ex-president of the Hungarian Cultural Society in Vancouver, associate president of the Hungarian Diaspora Council in Canada.<\/td>\n<\/tr>\n<tr>\n<th style=\"border: none;vertical-align: top;text-align: right\">Vice-President, Media Relations<br \/><a href=\"mailto:media@kmosz-nahc.ca\" target=\"_blank\">media@kmosz-nahc.ca<\/a><\/th>\n<td style=\"border: none;vertical-align: top\"><strong>Dr. Tibor Lapohos<\/strong> (Ottawa, ON) Electrical engineer, co-founder and vice president of the Hungarian Students Society in Kolozsv\u00e1r, long-time teacher of Hungarian folk dance to children, currently, the president of the Ottawa Hungarian Community Centre.<\/td>\n<\/tr>\n<tr>\n<th style=\"border: none;vertical-align: top;text-align: right\">Vice-President, Cultural Affairs<br \/><a href=\"mailto:culture@kmosz-nahc.ca\" target=\"_blank\">culture@kmosz-nahc.ca<\/a><\/th>\n<td style=\"border: none;vertical-align: top\"><strong>Dr. Tibor Lapohos <\/strong> (acting)<\/td>\n<\/tr>\n<tr>\n<th style=\"border: none;vertical-align: top;text-align: right\">Secretary<br \/><a href=\"mailto:secretary@kmosz-nahc.ca\" target=\"_blank\">secretary@kmosz-nahc.ca<\/a><\/th>\n<td style=\"border: none;vertical-align: top\"><strong>Enik\u0151 Nagy<\/strong> (Montr\u00e9al, QC) Founding member of the Csillag\u00f6sv\u00e9ny Society, Montr\u00e9al.<\/td>\n<\/tr>\n<tr>\n<th style=\"border: none;vertical-align: top;text-align: right\">Treasurer<br \/><a href=\"mailto:treasurer@kmosz-nahc.ca\" target=\"_blank\">treasurer@kmosz-nahc.ca<\/a><\/th>\n<td style=\"border: none;vertical-align: top\"><strong>M\u00e1ria Jacs\u00f3<\/strong> (Toronto, ON)<\/td>\n<\/tr>\n<\/tbody>\n<\/table>\n","protected":false},"excerpt":{"rendered":"<p>The mandate of the NAHC is to promote the cultural life of the Hungarian communities in Canada. Its key strategies include good organization, efficient team work, and the support by the Hungarian communities nationwide. The organization is lead by the Board of Commons formed by the representatives of the member organizations and local chapters, and &hellip; <a href=\"http:\/\/kmosz-nahc.ca\/en\/organizational-structure\/\" class=\"more-link\">Continue reading<span class=\"screen-reader-text\"> &#8220;Organizational Structure&#8221;<\/span><\/a><\/p>\n","protected":false},"author":1,"featured_media":0,"parent":0,"menu_order":20,"comment_status":"closed","ping_status":"closed","template":"","meta":[],"_links":{"self":[{"href":"http:\/\/kmosz-nahc.ca\/en\/wp-json\/wp\/v2\/pages\/53"}],"collection":[{"href":"http:\/\/kmosz-nahc.ca\/en\/wp-json\/wp\/v2\/pages"}],"about":[{"href":"http:\/\/kmosz-nahc.ca\/en\/wp-json\/wp\/v2\/types\/page"}],"author":[{"embeddable":true,"href":"http:\/\/kmosz-nahc.ca\/en\/wp-json\/wp\/v2\/users\/1"}],"replies":[{"embeddable":true,"href":"http:\/\/kmosz-nahc.ca\/en\/wp-json\/wp\/v2\/comments?post=53"}],"version-history":[{"count":0,"href":"http:\/\/kmosz-nahc.ca\/en\/wp-json\/wp\/v2\/pages\/53\/revisions"}],"wp:attachment":[{"href":"http:\/\/kmosz-nahc.ca\/en\/wp-json\/wp\/v2\/media?parent=53"}],"curies":[{"name":"wp","href":"https:\/\/api.w.org\/{rel}","templated":true}]}}