{"id":50,"date":"2012-09-15T00:00:00","date_gmt":"2012-09-15T05:00:00","guid":{"rendered":"http:\/\/kmosz-nahc.ca\/en\/?page_id=50"},"modified":"2020-06-03T13:07:18","modified_gmt":"2020-06-03T18:07:18","slug":"most-recently","status":"publish","type":"page","link":"http:\/\/kmosz-nahc.ca\/en\/","title":{"rendered":"Most Recently&#8230;"},"content":{"rendered":"<style>table, th, td { border: none;} th, td { text-align: left; vertical-align: top;}<\/style>\n<table style=\"border: none;\">\n<tbody>\n<tr>\n<th>Chronicle, News, Press Releases, Announcements:<\/th>\n<th>Events:<\/th>\n<\/tr>\n<tr>\n<td><!-- lps\/start --><div id=\"lps-abfcef447a9260333a60b36ac851a227-wrap\" data-args=\"{&quot;ver&quot;:1,&quot;perpage&quot;:&quot;5&quot;,&quot;type&quot;:&quot;post&quot;,&quot;chrlimit&quot;:120,&quot;display&quot;:&quot;title,date,content-small&quot;,&quot;url&quot;:&quot;yes_blank&quot;,&quot;linktext&quot;:&quot;More...&quot;,&quot;elements&quot;:&quot;5&quot;,&quot;show_extra&quot;:&quot;ajax_pagination,dark_spinner,pagination_all&quot;,&quot;status&quot;:&quot;publish&quot;,&quot;orderby&quot;:&quot;dateD&quot;,&quot;taxonomy&quot;:&quot;category&quot;,&quot;term&quot;:&quot;Chronicle, News, Press Releases, Announcements&quot;,&quot;showpages&quot;:&quot;5&quot;,&quot;total_text&quot;:&quot;Total items: %d&quot;,&quot;alltext&quot;:&quot;All&quot;}\" data-current=\"50\" data-perpage=\"5\" data-total=\"70\" class=\"lps-top-section-wrap dark_spinner\" data-url=\"http:\/\/kmosz-nahc.ca\/en\/wp-json\/wp\/v2\/pages\/50\"><!-- lps\/pagination-start --><div class=\"before lps-pagination-wrap all-elements\"><ul class=\"latest-post-selection pages all-elements lps-abfcef447a9260333a60b36ac851a227\"><li class=\"pages-info\">Page 1 of 14<\/li><li class=\"go-to-first disabled\"><a class=\"page-item\" data-page=\"1\" title=\"First page\">&lsaquo;&nbsp;<\/a><\/li><li class=\"go-to-prev disabled\"><a class=\"page-item\" data-page=\"1\" title=\"Previous page\">&laquo;<\/a><\/li><li class=\"current\"><a class=\"page-item item-number\" href=\"http:\/\/kmosz-nahc.ca\/en\/wp-json\/wp\/v2\/pages\/50\" data-page=\"1\" title=\"First page\">1<\/a><\/li><li><a class=\"page-item item-number\" href=\"http:\/\/kmosz-nahc.ca\/en\/wp-json\/wp\/v2\/pages\/50\/page\/2\/\" data-page=\"2\" title=\"Page 2\">2<\/a><\/li><li><a class=\"page-item item-number\" href=\"http:\/\/kmosz-nahc.ca\/en\/wp-json\/wp\/v2\/pages\/50\/page\/3\/\" data-page=\"3\" title=\"Page 3\">3<\/a><\/li><li><a class=\"page-item item-number\" href=\"http:\/\/kmosz-nahc.ca\/en\/wp-json\/wp\/v2\/pages\/50\/page\/4\/\" data-page=\"4\" title=\"Page 4\">4<\/a><\/li><li><a class=\"page-item item-number\" href=\"http:\/\/kmosz-nahc.ca\/en\/wp-json\/wp\/v2\/pages\/50\/page\/5\/\" data-page=\"5\" title=\"Page 5\">5<\/a><\/li><li class=\"go-to-next\"><a class=\"page-item\" href=\"http:\/\/kmosz-nahc.ca\/en\/wp-json\/wp\/v2\/pages\/50\/page\/2\/\" data-page=\"2\" title=\"Next page\">&raquo;<\/a><\/li><li class=\"go-to-last\"><a class=\"page-item\" href=\"http:\/\/kmosz-nahc.ca\/en\/wp-json\/wp\/v2\/pages\/50\/page\/14\/\" data-page=\"14\" title=\"Last page\">&nbsp;&rsaquo;<\/a><\/li><\/ul><\/div><!-- lps\/pagination-end --><section class=\"latest-post-selection ajax_pagination\" id=\"lps-abfcef447a9260333a60b36ac851a227\" style=\"\" role=\"list\"><article class=\"post-269 post type-post status-publish format-standard hentry category-news\" data-lps-id=\"269\" role=\"listitem\"><h3 class=\"article__title item-title-tag\">From the River Tisza, over Oceans, to Lands Afar<\/h3><em class=\"article__date item-date\">2021-05-15 <i>21:26<\/i><\/em><div class=\"article__text item-text\"><p>&#8220;My heart and soul, inherit the legacy&#8230;&#8221; Music, verse and prose \u2013 a virtual remembrance of the 101st anniversary<\/p>\n<\/div><a href=\"http:\/\/kmosz-nahc.ca\/en\/from-the-river-tisza-over-oceans-to-lands-afar\/\" title=\"From the River Tisza, over Oceans, to Lands Afar\" target=\"_blank\" class=\"article__link read-more\"><span class=\"article__read-more read-more\">More...<\/span><\/a><\/article><article class=\"post-256 post type-post status-publish format-standard hentry category-news\" data-lps-id=\"256\" role=\"listitem\"><h3 class=\"article__title item-title-tag\">100 Years Since Trianon<\/h3><em class=\"article__date item-date\">2020-06-03 <i>20:58<\/i><\/em><div class=\"article__text item-text\"><p>Even if the COVID-19 pendemic containment measures stop us from coming together to commemorate the 100th anniversary of<\/p>\n<\/div><a href=\"http:\/\/kmosz-nahc.ca\/en\/100-years-since-trianon\/\" title=\"100 Years Since Trianon\" target=\"_blank\" class=\"article__link read-more\"><span class=\"article__read-more read-more\">More...<\/span><\/a><\/article><article class=\"post-238 post type-post status-publish format-standard hentry category-announcements\" data-lps-id=\"238\" role=\"listitem\"><h3 class=\"article__title item-title-tag\">COVID19 in Transcarpathia<\/h3><em class=\"article__date item-date\">2020-04-28 <i>00:00<\/i><\/em><div class=\"article__text item-text\"><p>The National Alliance of Hungarians in Canada has organized a fundraising campaign to support Transcarpathian Hungarians<\/p>\n<\/div><a href=\"http:\/\/kmosz-nahc.ca\/en\/covid19-in-transcarpathia\/\" title=\"COVID19 in Transcarpathia\" target=\"_blank\" class=\"article__link read-more\"><span class=\"article__read-more read-more\">More...<\/span><\/a><\/article><article class=\"post-221 post type-post status-publish format-standard hentry category-news\" data-lps-id=\"221\" role=\"listitem\"><h3 class=\"article__title item-title-tag\">Virtual Hungarian Theatre in the Diaspora<\/h3><em class=\"article__date item-date\">2019-06-03 <i>00:00<\/i><\/em><div class=\"article__text item-text\"><p>Terrific news! The Foundation for Hungarian Theatres has initiated a new program that records and preserves the best of<\/p>\n<\/div><a href=\"http:\/\/kmosz-nahc.ca\/en\/virtual-hungarian-theatre-in-the-diaspora\/\" title=\"Virtual Hungarian Theatre in the Diaspora\" target=\"_blank\" class=\"article__link read-more\"><span class=\"article__read-more read-more\">More...<\/span><\/a><\/article><article class=\"post-175 post type-post status-publish format-standard hentry category-chronicle\" data-lps-id=\"175\" role=\"listitem\"><h3 class=\"article__title item-title-tag\">Results of the 2018 fund-raising<\/h3><em class=\"article__date item-date\">2018-12-29 <i>00:00<\/i><\/em><div class=\"article__text item-text\"><p>To Be Translated.To access the original text switch languages using the button below.<\/p>\n<\/div><a href=\"http:\/\/kmosz-nahc.ca\/en\/results-of-the-2018-fund-raising\/\" title=\"Results of the 2018 fund-raising\" target=\"_blank\" class=\"article__link read-more\"><span class=\"article__read-more read-more\">More...<\/span><\/a><\/article><\/section><\/div><!-- lps\/end --><\/td>\n<td><!-- lps\/start --><div id=\"lps-d46703d9fa14339300a6f345354dda49-wrap\" data-args=\"{&quot;ver&quot;:1,&quot;perpage&quot;:&quot;5&quot;,&quot;type&quot;:&quot;post&quot;,&quot;chrlimit&quot;:120,&quot;display&quot;:&quot;title,date,content-small&quot;,&quot;url&quot;:&quot;yes_blank&quot;,&quot;linktext&quot;:&quot;More...&quot;,&quot;elements&quot;:&quot;5&quot;,&quot;show_extra&quot;:&quot;ajax_pagination,dark_spinner,pagination_all&quot;,&quot;status&quot;:&quot;publish&quot;,&quot;orderby&quot;:&quot;dateD&quot;,&quot;taxonomy&quot;:&quot;category&quot;,&quot;term&quot;:&quot;Events&quot;,&quot;showpages&quot;:&quot;5&quot;,&quot;total_text&quot;:&quot;Total items: %d&quot;,&quot;alltext&quot;:&quot;All&quot;}\" data-current=\"175\" data-perpage=\"5\" data-total=\"12\" class=\"lps-top-section-wrap dark_spinner\" data-url=\"http:\/\/kmosz-nahc.ca\/en\/wp-json\/wp\/v2\/pages\/50\"><!-- lps\/pagination-start --><div class=\"before lps-pagination-wrap all-elements\"><ul class=\"latest-post-selection pages all-elements lps-d46703d9fa14339300a6f345354dda49\"><li class=\"pages-info\">Page 1 of 3<\/li><li class=\"go-to-prev disabled\"><a class=\"page-item\" data-page=\"1\" title=\"Previous page\">&laquo;<\/a><\/li><li class=\"current\"><a class=\"page-item item-number\" href=\"http:\/\/kmosz-nahc.ca\/en\/wp-json\/wp\/v2\/pages\/50\" data-page=\"1\" title=\"First page\">1<\/a><\/li><li><a class=\"page-item item-number\" href=\"http:\/\/kmosz-nahc.ca\/en\/wp-json\/wp\/v2\/pages\/50\/page\/2\/\" data-page=\"2\" title=\"Page 2\">2<\/a><\/li><li><a class=\"page-item item-number\" href=\"http:\/\/kmosz-nahc.ca\/en\/wp-json\/wp\/v2\/pages\/50\/page\/3\/\" data-page=\"3\" title=\"Page 3\">3<\/a><\/li><li class=\"go-to-next\"><a class=\"page-item\" href=\"http:\/\/kmosz-nahc.ca\/en\/wp-json\/wp\/v2\/pages\/50\/page\/2\/\" data-page=\"2\" title=\"Next page\">&raquo;<\/a><\/li><\/ul><\/div><!-- lps\/pagination-end --><section class=\"latest-post-selection ajax_pagination\" id=\"lps-d46703d9fa14339300a6f345354dda49\" style=\"\" role=\"list\"><article class=\"post-231 post type-post status-publish format-standard hentry category-events\" data-lps-id=\"231\" role=\"listitem\"><h3 class=\"article__title item-title-tag\">Classical Music Shaken, Not Stirred<\/h3><em class=\"article__date item-date\">2019-09-23 <i>00:59<\/i><\/em><div class=\"article__text item-text\"><p>a Felici\u00e1n Kalmus concertorganised by the Extra Hungariam Foundation.With the collaboration of the NAHC, the concert is<\/p>\n<\/div><a href=\"http:\/\/kmosz-nahc.ca\/en\/classical-music-shaken-not-stirred\/\" title=\"Classical Music Shaken, Not Stirred\" target=\"_blank\" class=\"article__link read-more\"><span class=\"article__read-more read-more\">More...<\/span><\/a><\/article><article class=\"post-176 post type-post status-publish format-standard hentry category-events\" data-lps-id=\"176\" role=\"listitem\"><h3 class=\"article__title item-title-tag\">Fight for Freedom<\/h3><em class=\"article__date item-date\">2019-02-12 <i>00:00<\/i><\/em><div class=\"article__text item-text\"><p>Theatrical playWritten by: Roz\u00e1lia Bresty\u00e1nszki BorosCast:J\u00e1nos Arany and everyone else: B\u00e9la K\u00e1ll\u00f3 actor from SzabadkaS\u00e1ndor<\/p>\n<\/div><a href=\"http:\/\/kmosz-nahc.ca\/en\/fight-for-freedom\/\" title=\"Fight for Freedom\" target=\"_blank\" class=\"article__link read-more\"><span class=\"article__read-more read-more\">More...<\/span><\/a><\/article><article class=\"post-173 post type-post status-publish format-standard hentry category-events\" data-lps-id=\"173\" role=\"listitem\"><h3 class=\"article__title item-title-tag\">If You Only New...<\/h3><em class=\"article__date item-date\">2018-09-03 <i>00:00<\/i><\/em><div class=\"article__text item-text\"><p>a concert by the Hungarikum Ensemblemusical poemsHungarian folk songsown compositionssongs praising GodThe Hungarikum group<\/p>\n<\/div><a href=\"http:\/\/kmosz-nahc.ca\/en\/if-you-only-new\/\" title=\"If You Only New...\" target=\"_blank\" class=\"article__link read-more\"><span class=\"article__read-more read-more\">More...<\/span><\/a><\/article><article class=\"post-149 post type-post status-publish format-standard hentry category-events\" data-lps-id=\"149\" role=\"listitem\"><h3 class=\"article__title item-title-tag\">43 Years in the Centre of the Circle<\/h3><em class=\"article__date item-date\">2017-02-13 <i>00:00<\/i><\/em><div class=\"article__text item-text\"><p>Meet Attila Pataky: The secrets of 43 yearsRetro Disco with D.J. Gary (AUS)LocationsFriday, March 31 \u2013 Hungarian Community<\/p>\n<\/div><a href=\"http:\/\/kmosz-nahc.ca\/en\/43-years-in-the-centre-of-the-circle\/\" title=\"43 Years in the Centre of the Circle\" target=\"_blank\" class=\"article__link read-more\"><span class=\"article__read-more read-more\">More...<\/span><\/a><\/article><article class=\"post-148 post type-post status-publish format-standard hentry category-events\" data-lps-id=\"148\" role=\"listitem\"><h3 class=\"article__title item-title-tag\">The Great Hungarian Silence in (Czecho)Slovakia<\/h3><em class=\"article__date item-date\">2017-02-12 <i>00:00<\/i><\/em><div class=\"article__text item-text\"><p>A monodrama with humourWritten by: L\u00e1szl\u00f3 So\u00f3kyDirected and performed by: G\u00e9za Benk\u0151Dramaturg: Emese Varga\u201eThis story tells<\/p>\n<\/div><a href=\"http:\/\/kmosz-nahc.ca\/en\/the-great-hungarian-silence-in-czecho-slovakia\/\" title=\"The Great Hungarian Silence in (Czecho)Slovakia\" target=\"_blank\" class=\"article__link read-more\"><span class=\"article__read-more read-more\">More...<\/span><\/a><\/article><\/section><\/div><!-- lps\/end --><\/td>\n<\/tr>\n<\/tbody>\n<\/table>\n","protected":false},"excerpt":{"rendered":"<p>Chronicle, News, Press Releases, Announcements: Events:<\/p>\n","protected":false},"author":1,"featured_media":0,"parent":0,"menu_order":5,"comment_status":"closed","ping_status":"closed","template":"","meta":[],"_links":{"self":[{"href":"http:\/\/kmosz-nahc.ca\/en\/wp-json\/wp\/v2\/pages\/50"}],"collection":[{"href":"http:\/\/kmosz-nahc.ca\/en\/wp-json\/wp\/v2\/pages"}],"about":[{"href":"http:\/\/kmosz-nahc.ca\/en\/wp-json\/wp\/v2\/types\/page"}],"author":[{"embeddable":true,"href":"http:\/\/kmosz-nahc.ca\/en\/wp-json\/wp\/v2\/users\/1"}],"replies":[{"embeddable":true,"href":"http:\/\/kmosz-nahc.ca\/en\/wp-json\/wp\/v2\/comments?post=50"}],"version-history":[{"count":0,"href":"http:\/\/kmosz-nahc.ca\/en\/wp-json\/wp\/v2\/pages\/50\/revisions"}],"wp:attachment":[{"href":"http:\/\/kmosz-nahc.ca\/en\/wp-json\/wp\/v2\/media?parent=50"}],"curies":[{"name":"wp","href":"https:\/\/api.w.org\/{rel}","templated":true}]}}